{"id":34,"date":"2026-05-09T12:45:02","date_gmt":"2026-05-09T12:45:02","guid":{"rendered":"https:\/\/recyclewood.dk\/?page_id=34"},"modified":"2026-05-09T17:08:21","modified_gmt":"2026-05-09T17:08:21","slug":"recyclewood","status":"publish","type":"page","link":"https:\/\/recyclewood.dk\/","title":{"rendered":"Recyclewood"},"content":{"rendered":"\t\t<div data-elementor-type=\"wp-page\" data-elementor-id=\"34\" class=\"elementor elementor-34\">\n\t\t\t\t<div class=\"elementor-element elementor-element-681d7e9 e-con-full e-flex e-con e-parent\" data-id=\"681d7e9\" data-element_type=\"container\" data-e-type=\"container\">\n\t\t\t\t<div class=\"elementor-element elementor-element-498f6e01 elementor-widget elementor-widget-text-editor\" data-id=\"498f6e01\" data-element_type=\"widget\" data-e-type=\"widget\" data-widget_type=\"text-editor.default\">\n\t\t\t\t\t\t\t\t\t<h5><img fetchpriority=\"high\" decoding=\"async\" class=\"aligncenter size-full wp-image-121\" src=\"https:\/\/recyclewood.dk\/wp-content\/uploads\/2026\/05\/forside-plantekasse.jpg\" alt=\"\" width=\"1754\" height=\"1240\" srcset=\"https:\/\/recyclewood.dk\/wp-content\/uploads\/2026\/05\/forside-plantekasse.jpg 1754w, https:\/\/recyclewood.dk\/wp-content\/uploads\/2026\/05\/forside-plantekasse-300x212.jpg 300w, https:\/\/recyclewood.dk\/wp-content\/uploads\/2026\/05\/forside-plantekasse-1024x724.jpg 1024w, https:\/\/recyclewood.dk\/wp-content\/uploads\/2026\/05\/forside-plantekasse-768x543.jpg 768w, https:\/\/recyclewood.dk\/wp-content\/uploads\/2026\/05\/forside-plantekasse-1536x1086.jpg 1536w\" sizes=\"(max-width: 1754px) 100vw, 1754px\" \/><\/h5>\t\t\t\t\t\t\t\t<\/div>\n\t\t\t\t<\/div>\n\t\t<div class=\"elementor-element elementor-element-d8b1633 e-flex e-con-boxed e-con e-parent\" data-id=\"d8b1633\" data-element_type=\"container\" data-e-type=\"container\">\n\t\t\t\t\t<div class=\"e-con-inner\">\n\t\t<div class=\"elementor-element elementor-element-9ff26b8 e-con-full e-flex e-con e-child\" data-id=\"9ff26b8\" data-element_type=\"container\" data-e-type=\"container\">\n\t\t\t\t<\/div>\n\t\t\t\t<div class=\"elementor-element elementor-element-f87da9e elementor-widget__width-initial elementor-widget elementor-widget-text-editor\" data-id=\"f87da9e\" data-element_type=\"widget\" data-e-type=\"widget\" data-widget_type=\"text-editor.default\">\n\t\t\t\t\t\t\t\t\t<h6>OPDAG DEN UNIKKE CHARME AF GENBRUGSTR\u00c6<\/h6><h6>Velkommen til RecycleWood.dk, din ultimative kilde til b\u00e6redygtige m\u00f8bler og genstande lavet af genbrugstr\u00e6. Vi er ikke bare en lokal m\u00f8belsnedker &#8211; vi er en bev\u00e6gelse, der skaber unikke og specielle stykker til dit hjem eller have.<\/h6><h6>RecycleWood.dk er ikke kun et brand, det er en livsstil. Vi er stolte over at tilh\u00f8re Bostrup M\u00f8bler i Alslev, og siden vores oprettelse i 2023 har vi ogs\u00e5 introduceret to andre brands: AlslevBar.dk og Havekokken.dk.<\/h6><h6>AlslevBar.dk fokuserer p\u00e5 at skabe hjemmebarer, vinreoler og andre hyggelige genstande til dit hjem. Hver enkelt genstand er lavet af 90% genbrugstr\u00e6 og 10% nyt tr\u00e6, hvilket g\u00f8r dem b\u00e5de b\u00e6redygtige og stilfulde.<\/h6><h6>Havekokken.dk er dedikeret til at tilf\u00f8je et strejf af elegance til din udend\u00f8rs oase. Vores udend\u00f8rsk\u00f8kkener, plantekasser, b\u00e6nke og andre m\u00f8bler er designet til at forvandle din have og urtehave til et sandt paradis. Ligegyldigt om du \u00f8nsker at lave mad under \u00e5ben himmel eller skabe et afslappende sted at nyde naturen, har vi det perfekte m\u00f8bel til dig.<\/h6><h6>Vores m\u00f8bler er ikke ens, da de bliver produceret med frie h\u00e6nder og efter individuelle \u00f8nsker, s\u00e5 de passer perfekt ind i din hjem eller have. Det er vigtigt at bem\u00e6rke, at vores genbrugstr\u00e6 kan have synlige slidm\u00e6rker og naturlige huller, der tilf\u00f8jer en rustik charme til hvert stykke.<\/h6><h6>S\u00e5 hvis du er p\u00e5 udkig efter m\u00f8bler og genstande, der er anderledes, specielle og b\u00e6redygtige, er RecycleWood.dk det perfekte valg. Oplev den unikke charme af genbrugstr\u00e6 og skab et rum, der b\u00e5de er smukt og milj\u00f8venligt.<\/h6><h6>Velkommen til vores verden af b\u00e6redygtigt design!<\/h6>\t\t\t\t\t\t\t\t<\/div>\n\t\t\t\t<div class=\"elementor-element elementor-element-75048ba elementor-widget__width-initial elementor-widget elementor-widget-wpforms\" data-id=\"75048ba\" data-element_type=\"widget\" data-e-type=\"widget\" data-widget_type=\"wpforms.default\">\n\t\t\t\t<div class=\"elementor-widget-container\">\n\t\t\t\t\t<style id=\"wpforms-css-vars-elementor-widget-75048ba\">\n\t\t\t\t.elementor-widget-wpforms.elementor-element-75048ba {\n\t\t\t\t--wpforms-field-border-radius: 44px;\n--wpforms-field-text-color: #6EC1E4;\n--wpforms-field-size-input-height: 31px;\n--wpforms-field-size-input-spacing: 10px;\n--wpforms-field-size-font-size: 14px;\n--wpforms-field-size-line-height: 17px;\n--wpforms-field-size-padding-h: 9px;\n--wpforms-field-size-checkbox-size: 14px;\n--wpforms-field-size-sublabel-spacing: 5px;\n--wpforms-field-size-icon-size: 0.75;\n\t\t\t}\n\t\t\t<\/style><div class=\"wpforms-container wpforms-container-full wpforms-render-modern\" id=\"wpforms-133\"><form id=\"wpforms-form-133\" class=\"wpforms-validate wpforms-form wpforms-ajax-form\" data-formid=\"133\" method=\"post\" enctype=\"multipart\/form-data\" action=\"\/index.php?rest_route=%2Fwp%2Fv2%2Fpages%2F34\" data-token=\"7342225328c9caacb9b528266f656d1f\" data-token-time=\"1778407825\"><noscript class=\"wpforms-error-noscript\">Please enable JavaScript in your browser to complete this form.<\/noscript><div id=\"wpforms-error-noscript\" style=\"display: none;\">Please enable JavaScript in your browser to complete this form.<\/div><div class=\"wpforms-field-container\"><div id=\"wpforms-133-field_1-container\" class=\"wpforms-field wpforms-field-name\" data-field-id=\"1\"><label class=\"wpforms-field-label\" for=\"wpforms-133-field_1\">Navn <span class=\"wpforms-required-label\" aria-hidden=\"true\">*<\/span><\/label><input type=\"text\" id=\"wpforms-133-field_1\" class=\"wpforms-field-medium wpforms-field-required\" name=\"wpforms[fields][1]\" aria-errormessage=\"wpforms-133-field_1-error\" required><\/div>\t\t<div id=\"wpforms-133-field_5-container\"\n\t\t\tclass=\"wpforms-field wpforms-field-text\"\n\t\t\tdata-field-type=\"text\"\n\t\t\tdata-field-id=\"5\"\n\t\t\t>\n\t\t\t<label class=\"wpforms-field-label\" for=\"wpforms-133-field_5\" >Navn Emne Email<\/label>\n\t\t\t<input type=\"text\" id=\"wpforms-133-field_5\" class=\"wpforms-field-medium\" name=\"wpforms[fields][5]\" >\n\t\t<\/div>\n\t\t<div id=\"wpforms-133-field_4-container\" class=\"wpforms-field wpforms-field-number\" data-field-id=\"4\"><label class=\"wpforms-field-label\" for=\"wpforms-133-field_4\">Telefon<\/label><input type=\"number\" id=\"wpforms-133-field_4\" class=\"wpforms-field-small\" name=\"wpforms[fields][4]\" step=\"any\" aria-errormessage=\"wpforms-133-field_4-error\" ><\/div><div id=\"wpforms-133-field_2-container\" class=\"wpforms-field wpforms-field-email\" data-field-id=\"2\"><label class=\"wpforms-field-label\" for=\"wpforms-133-field_2\">Email <span class=\"wpforms-required-label\" aria-hidden=\"true\">*<\/span><\/label><input type=\"email\" id=\"wpforms-133-field_2\" class=\"wpforms-field-medium wpforms-field-required\" name=\"wpforms[fields][2]\" spellcheck=\"false\" aria-errormessage=\"wpforms-133-field_2-error\" required><\/div><div id=\"wpforms-133-field_3-container\" class=\"wpforms-field wpforms-field-textarea\" data-field-id=\"3\"><label class=\"wpforms-field-label\" for=\"wpforms-133-field_3\">Emne<\/label><textarea id=\"wpforms-133-field_3\" class=\"wpforms-field-medium\" name=\"wpforms[fields][3]\" aria-errormessage=\"wpforms-133-field_3-error\" ><\/textarea><\/div><script>\n\t\t\t\t( function() {\n\t\t\t\t\tconst style = document.createElement( 'style' );\n\t\t\t\t\tstyle.appendChild( document.createTextNode( '#wpforms-133-field_5-container { position: absolute !important; overflow: hidden !important; display: inline !important; height: 1px !important; width: 1px !important; z-index: -1000 !important; padding: 0 !important; } #wpforms-133-field_5-container input { visibility: hidden; } #wpforms-conversational-form-page #wpforms-133-field_5-container label { counter-increment: none; }' ) );\n\t\t\t\t\tdocument.head.appendChild( style );\n\t\t\t\t\tdocument.currentScript?.remove();\n\t\t\t\t} )();\n\t\t\t<\/script><\/div><!-- .wpforms-field-container --><div class=\"wpforms-submit-container\" ><input type=\"hidden\" name=\"wpforms[id]\" value=\"133\"><input type=\"hidden\" name=\"page_title\" value=\"\"><input type=\"hidden\" name=\"page_url\" value=\"https:\/\/recyclewood.dk\/index.php?rest_route=\/wp\/v2\/pages\/34\"><input type=\"hidden\" name=\"url_referer\" value=\"\"><button type=\"submit\" name=\"wpforms[submit]\" id=\"wpforms-submit-133\" class=\"wpforms-submit\" data-alt-text=\"Sending...\" data-submit-text=\"Submit\" aria-live=\"assertive\" value=\"wpforms-submit\">Submit<\/button><img decoding=\"async\" src=\"https:\/\/recyclewood.dk\/wp-content\/plugins\/wpforms-lite\/assets\/images\/submit-spin.svg\" class=\"wpforms-submit-spinner\" style=\"display: none;\" width=\"26\" height=\"26\" alt=\"Loading\"><\/div><\/form><\/div>  <!-- .wpforms-container -->\t\t\t\t<\/div>\n\t\t\t\t<\/div>\n\t\t\t\t\t<\/div>\n\t\t\t\t<\/div>\n\t\t\t\t<\/div>\n\t\t","protected":false},"excerpt":{"rendered":"<p>OPDAG DEN UNIKKE CHARME AF GENBRUGSTR\u00c6 Velkommen til RecycleWood.dk, din ultimative kilde til b\u00e6redygtige m\u00f8bler og genstande lavet af genbrugstr\u00e6. Vi er ikke bare en lokal m\u00f8belsnedker &#8211; vi er en bev\u00e6gelse, der skaber unikke og specielle stykker til dit hjem eller have. RecycleWood.dk er ikke kun et brand, det er en livsstil. Vi er [&hellip;]<\/p>\n","protected":false},"author":1,"featured_media":0,"parent":0,"menu_order":1,"comment_status":"closed","ping_status":"closed","template":"","meta":{"footnotes":""},"class_list":["post-34","page","type-page","status-publish","hentry"],"jetpack_sharing_enabled":true,"_links":{"self":[{"href":"https:\/\/recyclewood.dk\/index.php?rest_route=\/wp\/v2\/pages\/34","targetHints":{"allow":["GET"]}}],"collection":[{"href":"https:\/\/recyclewood.dk\/index.php?rest_route=\/wp\/v2\/pages"}],"about":[{"href":"https:\/\/recyclewood.dk\/index.php?rest_route=\/wp\/v2\/types\/page"}],"author":[{"embeddable":true,"href":"https:\/\/recyclewood.dk\/index.php?rest_route=\/wp\/v2\/users\/1"}],"replies":[{"embeddable":true,"href":"https:\/\/recyclewood.dk\/index.php?rest_route=%2Fwp%2Fv2%2Fcomments&post=34"}],"version-history":[{"count":49,"href":"https:\/\/recyclewood.dk\/index.php?rest_route=\/wp\/v2\/pages\/34\/revisions"}],"predecessor-version":[{"id":190,"href":"https:\/\/recyclewood.dk\/index.php?rest_route=\/wp\/v2\/pages\/34\/revisions\/190"}],"wp:attachment":[{"href":"https:\/\/recyclewood.dk\/index.php?rest_route=%2Fwp%2Fv2%2Fmedia&parent=34"}],"curies":[{"name":"wp","href":"https:\/\/api.w.org\/{rel}","templated":true}]}}